{"id":5,"date":"2021-11-18T16:59:05","date_gmt":"2021-11-18T19:59:05","guid":{"rendered":"http:\/\/andesanalytica.com\/index.php\/mesmerize\/"},"modified":"2024-12-26T00:06:11","modified_gmt":"2024-12-26T03:06:11","slug":"mesmerize","status":"publish","type":"page","link":"https:\/\/andesanalytica.com\/","title":{"rendered":"Front Page"},"content":{"rendered":"<div  id=\"quienes-somos\" style=\"background-color: #ffffff;\" data-label=\"Quienes somos\" data-id=\"features-16-card-bordered\" data-export-id=\"features-16-card-bordered\" data-category=\"features\" class=\"features-16-card-bordered content-section content-section-spacing\"><div  class=\"gridContainer\"> <div  class=\"row text-center\"><div  class=\"section-title-col\" data-type=\"column\"> <h2  class=\"\" style=\"border-bottom-color: rgb(0, 50, 255);\">Quienes somos<\/h2> <p  class=\"lead\">Trabajamos para que tu empresa&nbsp;tenga un lugar en el futuro<\/p><\/div> <\/div> <div  class=\"row spaced-cols content-center-sm center-sm\" data-type=\"row\"> <div  class=\"col-xs-12 col-sm-6 col-md-4\"> <div  class=\"card no-padding bordered y-move\">  <div  data-type=\"column\" class=\"col-padding-small col-padding-small-xs description-container\"> <h4  class=\"font-500\">Data Analytics<\/h4> <p  class=\"\">La informaci\u00f3n es el recurso que est\u00e1 transformando a las industrias y empresas. Nuestra unidad de Business Analytics tiene los recursos y especialistas para explotar el potencial de tu data.<\/p><\/div> <div  data-type=\"column\" class=\"col-padding-small col-padding-small-xs read-more-container\"><a class=\"read-more\" href=\"#contacto\" target=\"_self\" data-cp-link=\"1\" rel=\"noopener\">M\u00e1s informaci\u00f3n<\/a><\/div> <\/div><\/div> <div  class=\"col-xs-12 col-sm-6 col-md-4\"><div  class=\"card no-padding bordered y-move\">  <div  data-type=\"column\" class=\"col-padding-small col-padding-small-xs description-container\"> <h4  class=\"font-500\">Artificial Intelligence<\/h4> <p  class=\"\">La Inteligencia Artificial es una constelaci\u00f3n de tecnolog\u00edas que permite que las m\u00e1quinas comprendan, act\u00faen y aprendan para ampliar las capacidades humanas.&nbsp;\n<\/p><\/div> <div  data-type=\"column\" class=\"col-padding-small col-padding-small-xs read-more-container\"><a class=\"read-more\" href=\"#contacto\" target=\"_self\" data-cp-link=\"1\" rel=\"noopener\">M\u00e1s informaci\u00f3n<\/a><\/div> <\/div><\/div><div  class=\"col-xs-12 col-sm-6 col-md-4\"><div  class=\"card no-padding bordered y-move\">  <div  data-type=\"column\" class=\"col-padding-small col-padding-small-xs description-container\"> <h4  class=\"font-500\">Machine Learning<\/h4> <p  class=\"\">Convierte los datos que genera tu empresa en soluciones de negocio como predicci\u00f3n de la demanda, recomendaci\u00f3n de productos o segmentaci\u00f3n de la clientela entre otros.<\/p><\/div> <div  data-type=\"column\" class=\"col-padding-small col-padding-small-xs read-more-container\"><a class=\"read-more\" href=\"#contacto\" target=\"_self\" data-cp-link=\"1\" rel=\"noopener\">M\u00e1s informaci\u00f3n<\/a><\/div> <\/div><\/div>  <div  class=\"col-xs-12 col-sm-6 col-md-4\"> <div  class=\"card no-padding bordered y-move\">  <div  data-type=\"column\" class=\"col-padding-small col-padding-small-xs description-container\"> <h4  class=\"font-500\">Licencias Microsoft<\/h4> <p  class=\"\">Somos Microsoft Reseller, por lo que puedes contar con nosotros para mantener tus licencias actualizadas o solicitar nuevo software.<\/p><\/div> <div  data-type=\"column\" class=\"col-padding-small col-padding-small-xs read-more-container\"><a class=\"read-more\" href=\"#contacto\" target=\"_self\" data-cp-link=\"1\" rel=\"noopener\">M\u00e1s informaci\u00f3n<\/a><\/div> <\/div><\/div><\/div><\/div> <\/div><div  data-label=\"Power BI Demos\" data-id=\"features--1\" data-export-id=\"features-13-card-bordered\" data-category=\"features\" class=\"features-13 content-section content-section-spacing\" id=\"power-bi-demos\" style=\"background-color: rgb(255, 255, 255); background-image: none;\"><div  class=\"gridContainer\"> <div  class=\"row text-center\"><div  class=\"section-title-col\" data-type=\"column\"> <h2  class=\"\">Power Bi Demos<\/h2> <p  class=\"lead\">En \u00e9sta secci\u00f3n, podr\u00e1s ver algunos dashboards de referencia para que dimensiones cu\u00e1nto m\u00e1s puedes hacer con tus datos.<\/p><\/div> <\/div> <div  class=\"row spaced-cols content-center-sm center-sm\" data-type=\"row\"> <div  class=\"col-sm-4\"> <div  class=\"card bordered y-move\" data-type=\"column\">  <h4  class=\"\">DASHBOARD QATAR 2022<\/h4>  <a class=\"button small y-move color2\" href=\"https:\/\/andesanalytica.com\/index.php\/power-bi-dashboard-mundial-qatar-2022\" target=\"_blank\" data-cp-link=\"1\" rel=\"noopener\">Acceder<\/a><\/div> <\/div>  <div  class=\"col-sm-4\"> <div  class=\"card bordered y-move\" data-type=\"column\">  <h4  class=\"\">DASHBOARD X VENDEDOR<\/h4>  <a class=\"button small y-move color2\" href=\"https:\/\/andesanalytica.com\/index.php\/power-bi-dashboard-ventas-x-vendedor\" target=\"_blank\" data-cp-link=\"1\" rel=\"noopener\">Acceder<\/a><\/div> <\/div><div  class=\"col-sm-4\"> <div  class=\"card bordered y-move\" data-type=\"column\">  <h4  class=\"\">DASHBOARD FACEBOOK ADS<\/h4>  <a class=\"button small y-move color2\" href=\"https:\/\/andesanalytica.com\/index.php\/power-bi-facebook-ads\" target=\"_blank\" data-cp-link=\"1\" rel=\"noopener\">Acceder<\/a><\/div> <\/div><\/div> <\/div><\/div><div  id=\"contacto\" data-label=\"Contacto\" data-id=\"contact-1\" data-export-id=\"contact-1\" data-category=\"contact\" class=\"contact-1 content-section content-section-spacing white-text\" data-parallax-depth=\"20\"><div  class=\"gridContainer\"> <div  class=\"row text-center\"><div  class=\"section-title-col\" data-type=\"column\"> <h2  class=\"\" style=\"border-bottom-color: rgb(0, 50, 255);\">No pierdas la oportunidad de diferenciarte, mejorando tus decisiones &nbsp;y potenciando tu negocio a trav\u00e9s del valor de los datos<\/h2> <p  class=\"lead\">Si tienes alguna consulta, quieres saber algo m\u00e1s, o simplemente quieres aprender de estos temas, no dudes en escribirnos.<\/p><\/div> <\/div> <div  class=\"row text-center\"> <div  class=\"col-xs-12 col-sm-8 col-sm-offset-2 contact-form-wrapper inline-info\"> <div  class=\"card large-padding\"> <div  class=\"\" data-content-shortcode=\"mesmerize_contact_form shortcode=&quot;wpforms id=&amp;amp;quot;27&amp;amp;quot; title=&amp;amp;quot;false&amp;amp;quot;&quot;\" data-editable=\"true\"><div class=\"wpforms-container wpforms-container-full\" id=\"wpforms-27\"><form id=\"wpforms-form-27\" class=\"wpforms-validate wpforms-form wpforms-ajax-form\" data-formid=\"27\" method=\"post\" enctype=\"multipart\/form-data\" action=\"\/index.php\/wp-json\/wp\/v2\/pages\/5\" data-token=\"7ccd8a10f8d4db5b212ce22dab16e21b\" data-token-time=\"1776387659\"><noscript class=\"wpforms-error-noscript\">Por favor, activa JavaScript en tu navegador para completar este formulario.<\/noscript><div class=\"wpforms-field-container\"><div id=\"wpforms-27-field_5-container\" class=\"wpforms-field wpforms-field-select wpforms-field-select-style-modern\" data-field-id=\"5\"><label class=\"wpforms-field-label\" for=\"wpforms-27-field_5\">Seleccione una alternativa<\/label><select id=\"wpforms-27-field_5\" class=\"wpforms-field-medium choicesjs-select\" data-size-class=\"wpforms-field-row wpforms-field-medium\" data-search-enabled=\"\" name=\"wpforms[fields][5][]\" multiple=\"multiple\"><option value=\"\" class=\"placeholder\" disabled ><\/option><option value=\"Data Analytics\"  class=\"choice-1 depth-1\"  >Data Analytics<\/option><option value=\"Artificial Intelligence\"  class=\"choice-2 depth-1\"  >Artificial Intelligence<\/option><option value=\"Machine Learning\"  class=\"choice-3 depth-1\"  >Machine Learning<\/option><option value=\"Licencias Microsoft\"  class=\"choice-5 depth-1\"  >Licencias Microsoft<\/option><option value=\"Otro\"  class=\"choice-6 depth-1\"  >Otro<\/option><\/select><\/div><div id=\"wpforms-27-field_0-container\" class=\"wpforms-field wpforms-field-name\" data-field-id=\"0\"><label class=\"wpforms-field-label\">Nombre <span class=\"wpforms-required-label\">*<\/span><\/label><div class=\"wpforms-field-row wpforms-field-medium\"><div class=\"wpforms-field-row-block wpforms-first wpforms-one-half\"><input type=\"text\" id=\"wpforms-27-field_0\" class=\"wpforms-field-name-first wpforms-field-required\" name=\"wpforms[fields][0][first]\" required><label for=\"wpforms-27-field_0\" class=\"wpforms-field-sublabel after\">Nombre<\/label><\/div><div class=\"wpforms-field-row-block wpforms-one-half\"><input type=\"text\" id=\"wpforms-27-field_0-last\" class=\"wpforms-field-name-last wpforms-field-required\" name=\"wpforms[fields][0][last]\" required><label for=\"wpforms-27-field_0-last\" class=\"wpforms-field-sublabel after\">Apellidos<\/label><\/div><\/div><\/div><div id=\"wpforms-27-field_1-container\" class=\"wpforms-field wpforms-field-email\" data-field-id=\"1\"><label class=\"wpforms-field-label\" for=\"wpforms-27-field_1\">Email <span class=\"wpforms-required-label\">*<\/span><\/label><input type=\"email\" id=\"wpforms-27-field_1\" class=\"wpforms-field-medium wpforms-field-required\" name=\"wpforms[fields][1]\" spellcheck=\"false\" required><\/div><div id=\"wpforms-27-field_4-container\" class=\"wpforms-field wpforms-field-text\" data-field-id=\"4\"><label class=\"wpforms-field-label\" for=\"wpforms-27-field_4\">Tel\u00e9fono de contacto <span class=\"wpforms-required-label\">*<\/span><\/label><input type=\"text\" id=\"wpforms-27-field_4\" class=\"wpforms-field-medium wpforms-field-required wpforms-masked-input wpforms-limit-characters-enabled\" data-rule-inputmask-incomplete=\"1\" data-inputmask-mask=\"+56 (9) 9999-9999\" data-form-id=\"27\" data-field-id=\"4\" data-text-limit=\"17\" name=\"wpforms[fields][4]\" placeholder=\"+56 (9) 1234-5678\" maxlength=\"17\" required><\/div><div id=\"wpforms-27-field_2-container\" class=\"wpforms-field wpforms-field-textarea\" data-field-id=\"2\"><label class=\"wpforms-field-label\" for=\"wpforms-27-field_2\">Comentario o Mensaje <span class=\"wpforms-required-label\">*<\/span><\/label><textarea id=\"wpforms-27-field_2\" class=\"wpforms-field-medium wpforms-field-required\" name=\"wpforms[fields][2]\" required><\/textarea><\/div><\/div><!-- .wpforms-field-container --><div class=\"wpforms-submit-container\" ><input type=\"hidden\" name=\"wpforms[id]\" value=\"27\"><input type=\"hidden\" name=\"page_title\" value=\"\"><input type=\"hidden\" name=\"page_url\" value=\"https:\/\/andesanalytica.com\/index.php\/wp-json\/wp\/v2\/pages\/5\"><input type=\"hidden\" name=\"url_referer\" value=\"\"><button type=\"submit\" name=\"wpforms[submit]\" id=\"wpforms-submit-27\" class=\"wpforms-submit\" data-alt-text=\"Enviando...\" data-submit-text=\"Enviar\" aria-live=\"assertive\" value=\"wpforms-submit\">Enviar<\/button><img loading=\"lazy\" decoding=\"async\" src=\"https:\/\/andesanalytica.com\/wp-content\/plugins\/wpforms-lite\/assets\/images\/submit-spin.svg\" class=\"wpforms-submit-spinner\" style=\"display: none;\" width=\"26\" height=\"26\" alt=\"Cargando\"><\/div><\/form><\/div>  <!-- .wpforms-container --><\/div><\/div> <\/div><\/div> <\/div><\/div>","protected":false},"excerpt":{"rendered":"<p>Quienes somos Trabajamos para que tu empresa&nbsp;tenga un lugar en el futuro Data Analytics La informaci\u00f3n es el recurso que est\u00e1 transformando a las industrias y empresas. Nuestra unidad de Business Analytics tiene los recursos y especialistas para explotar el potencial de tu data. M\u00e1s informaci\u00f3n Artificial Intelligence La Inteligencia Artificial es una constelaci\u00f3n de&hellip; <br \/> <a class=\"read-more\" href=\"https:\/\/andesanalytica.com\/\">Read more<\/a><\/p>\n","protected":false},"author":1,"featured_media":0,"parent":0,"menu_order":0,"comment_status":"closed","ping_status":"closed","template":"page-templates\/homepage.php","meta":{"footnotes":""},"class_list":["post-5","page","type-page","status-publish","hentry"],"_links":{"self":[{"href":"https:\/\/andesanalytica.com\/index.php\/wp-json\/wp\/v2\/pages\/5","targetHints":{"allow":["GET"]}}],"collection":[{"href":"https:\/\/andesanalytica.com\/index.php\/wp-json\/wp\/v2\/pages"}],"about":[{"href":"https:\/\/andesanalytica.com\/index.php\/wp-json\/wp\/v2\/types\/page"}],"author":[{"embeddable":true,"href":"https:\/\/andesanalytica.com\/index.php\/wp-json\/wp\/v2\/users\/1"}],"replies":[{"embeddable":true,"href":"https:\/\/andesanalytica.com\/index.php\/wp-json\/wp\/v2\/comments?post=5"}],"version-history":[{"count":52,"href":"https:\/\/andesanalytica.com\/index.php\/wp-json\/wp\/v2\/pages\/5\/revisions"}],"predecessor-version":[{"id":235,"href":"https:\/\/andesanalytica.com\/index.php\/wp-json\/wp\/v2\/pages\/5\/revisions\/235"}],"wp:attachment":[{"href":"https:\/\/andesanalytica.com\/index.php\/wp-json\/wp\/v2\/media?parent=5"}],"curies":[{"name":"wp","href":"https:\/\/api.w.org\/{rel}","templated":true}]}}